{"id":567,"date":"2019-06-26T18:11:28","date_gmt":"2019-06-26T16:11:28","guid":{"rendered":"http:\/\/www.belzaproduction.com\/?page_id=567"},"modified":"2026-04-01T13:03:04","modified_gmt":"2026-04-01T11:03:04","slug":"sport","status":"publish","type":"page","link":"https:\/\/www.belzaproduction.com\/index.php\/sport\/","title":{"rendered":"Clients"},"content":{"rendered":"\n<p><strong>VID\u00c9O <\/strong><\/p>\n\n\n\n<p>Presse &#8211; documentaire &#8211; publicit\u00e9 &#8211; communication interne &amp; externe &#8211; \u00e9v\u00e8nementiel &#8211; sport.<\/p>\n\n\n\n<p><\/p>\n\n\n\n<p>TF1(p\u00f4le reportage), Cabinet  d&#8217;avocats TAYLOR WESSING PARIS, Stab Magazine (Australia), agence de publicit\u00e9 HAVAS (Paris), DRCC (Direction r\u00e9gionale des commissaires aux comptes &#8211; Bordeaux), PATA NEGRA HOUSE (Hong Kong), Cardiax Lab (Hong Kong), Groupe CARREFOUR (Paris), H\u00d4TEL CH\u00c2TEAU DOMAINE DE BRINDOS, NOUVEL ENVOL (sp\u00e9cialiste RSE), agence 364communication (St Jean de Luz) , Agence relation presse VFCrp (Paris) , Groupe Nissan, , O&#8217;Neill, \u00a0Mimpi Manis (Commercial), Surf pr\u00e9vention, Pole Aquitain de surf, O&#8217;Neill Biarritz, Alliance Fran\u00e7aise (Perth Australie), agence digitale Shokola (Paris-Biarritz), Bio Fano (Andalousie), ZDF (Chaine t\u00e9l\u00e9vision allemande)&#8230;<\/p>\n\n\n\n<p><\/p>\n\n\n\n<p><\/p>\n\n\n\n<p><strong>PHOTO<\/strong><\/p>\n\n\n\n<p>Mode &#8211; packshots &#8211; communication interne &amp; externe &#8211; reportage &#8211; presse &#8211; architecture &#8211; \u00e9v\u00e8nementiel &#8211; sport. <\/p>\n\n\n\n<p><\/p>\n\n\n\n<p>VICE NEWS(Press), GLAMOUR Spain, ELLE.fr magazine, ALBIN MICHEL Paris, Agence Com Presse, Groupe CARREFOUR(Paris), Magazine VITAL, Cabinet d&#8217;avocats Hoche (Paris), Cabinet  d&#8217;avocats TAYLOR WESSING PARIS, Cabinet d&#8217;avocats BREDIN PRAT PARIS, Cabinet  d&#8217;avocats PARADIGMES, UMIH, GROUPE SOGECA France, Union des m\u00e9tiers de l&#8217;industrie h\u00f4teli\u00e8re (Paris) (Events-Press), DRCC (Direction r\u00e9gionale des commissaires aux comptes &#8211; Bordeaux), H\u00d4TEL BRINDOS relais et ch\u00e2teaux,  Pamela Curtin (Barranco Book project, Lima-P\u00e9rou), agence AUDITOIRE (Hong kong), ARKEA OMNIUM (comp\u00e9tition de golf professionnelle), CARDIAX LAB  (Hong Kong), Groupe BMW, Volcom, Princesse Tam Tam, Michelle des Bouillons (model\/athlete\/Big wave surfer), Surf Session Magazine,Agence Shokola Paris-Biarritz, Surf Pr\u00e9vention, Rebellesellier.com (Equitation), Comptoir Commercial Champenois, Silver Lines Biarritz (bijoux), Rebecca Hart (Hawa\u00ef), Petitbo.se (fashion Su\u00e8de), Biarritz inspiration magazine, EC Conseil, Alliance Fran\u00e7aise (Perth Australia), Maincare (Events), F\u00e9d\u00e9ration fran\u00e7aise d\u2019\u00e9quitation, Baskcoast (fashion), Hemen Biarritz (fashion packshots), Atalaye de Biarritz (fashion packshots), Laboratoires de Biarritz (packshot), Tang\u00e9rine sport, Mimpi manis ( packshots), Scot Pays Basque (https:\/\/www.scot-pbs.fr &#8211; \u00c9lus du Pays Basque &amp; Pays de Seignanx), Groupe Tonic H\u00f4tel (Paris),\u00a0 Grand H\u00f4tel de Saint Jean de Luz, Grand Tonic H\u00f4tel Biarritz, Jean de Luz, Communaut\u00e9 d&#8217;Agglom\u00e9ration des pays de L&#8217;or, Idrac, , Auzier Design, Sncf Media Gare, Pipolaki (Packshots), C\u00f4te Basque Madame (St Jean de Luz), Association Nationale Handi surf, Association Life is Rose, Bio Fano (Andalousie)&#8230;<\/p>\n","protected":false},"excerpt":{"rendered":"<p>VID\u00c9O Presse &#8211; documentaire &#8211; publicit\u00e9 &#8211; communication interne &amp; externe &#8211; \u00e9v\u00e8nementiel &#8211; sport. TF1(p\u00f4le reportage), Cabinet d&#8217;avocats TAYLOR WESSING PARIS, Stab Magazine (Australia), agence de publicit\u00e9 HAVAS (Paris), DRCC (Direction r\u00e9gionale des commissaires aux comptes &#8211; Bordeaux), PATA NEGRA HOUSE (Hong Kong), Cardiax Lab (Hong Kong), Groupe CARREFOUR (Paris), H\u00d4TEL CH\u00c2TEAU DOMAINE DE BRINDOS, NOUVEL ENVOL (sp\u00e9cialiste RSE), agence 364communication (St Jean de [&hellip;]<\/p>\n","protected":false},"author":1,"featured_media":0,"parent":0,"menu_order":0,"comment_status":"closed","ping_status":"closed","template":"","meta":{"footnotes":""},"class_list":["post-567","page","type-page","status-publish","hentry"],"_links":{"self":[{"href":"https:\/\/www.belzaproduction.com\/index.php\/wp-json\/wp\/v2\/pages\/567","targetHints":{"allow":["GET"]}}],"collection":[{"href":"https:\/\/www.belzaproduction.com\/index.php\/wp-json\/wp\/v2\/pages"}],"about":[{"href":"https:\/\/www.belzaproduction.com\/index.php\/wp-json\/wp\/v2\/types\/page"}],"author":[{"embeddable":true,"href":"https:\/\/www.belzaproduction.com\/index.php\/wp-json\/wp\/v2\/users\/1"}],"replies":[{"embeddable":true,"href":"https:\/\/www.belzaproduction.com\/index.php\/wp-json\/wp\/v2\/comments?post=567"}],"version-history":[{"count":24,"href":"https:\/\/www.belzaproduction.com\/index.php\/wp-json\/wp\/v2\/pages\/567\/revisions"}],"predecessor-version":[{"id":1229,"href":"https:\/\/www.belzaproduction.com\/index.php\/wp-json\/wp\/v2\/pages\/567\/revisions\/1229"}],"wp:attachment":[{"href":"https:\/\/www.belzaproduction.com\/index.php\/wp-json\/wp\/v2\/media?parent=567"}],"curies":[{"name":"wp","href":"https:\/\/api.w.org\/{rel}","templated":true}]}}