{"id":113,"date":"2017-04-28T16:17:00","date_gmt":"2017-04-28T16:17:00","guid":{"rendered":"http:\/\/codeless.co\/folie\/photography\/?page_id=113"},"modified":"2026-04-02T13:25:26","modified_gmt":"2026-04-02T11:25:26","slug":"about","status":"publish","type":"page","link":"https:\/\/www.belzaproduction.com\/index.php\/about\/","title":{"rendered":"About"},"content":{"rendered":"<p>[cl_row css_style=&#8221;padding-top:8px|padding-bottom:48px&#8221; device_visibility=&#8221;`{`object Object`}`&#8221; css_style_991=&#8221;padding-top:|padding-bottom:&#8221; css_style_767=&#8221;padding-top:|padding-bottom:&#8221;][cl_column css_style=&#8221;padding-top:0px&#8221; device_visibility=&#8221;`{`object Object`}`&#8221; css_style_991=&#8221;padding-top:|padding-bottom:&#8221; css_style_767=&#8221;padding-top:|padding-bottom:&#8221;][\/cl_column][\/cl_row][cl_row columns_gap=&#8221;35&#8243; col_responsive=&#8221;full&#8221; css_style=&#8221;padding-top:0px|padding-bottom:0px&#8221; device_visibility=&#8221;`{`object Object`}`&#8221; css_style_991=&#8221;padding-top:|padding-bottom:&#8221; css_style_767=&#8221;padding-top:|padding-bottom:&#8221;][cl_column width=&#8221;1\/2&#8243; css_style=&#8221;padding-top:20px|padding-bottom:20px&#8221; device_visibility=&#8221;`{`object Object`}`&#8221; css_style_991=&#8221;padding-top:|padding-bottom:&#8221; css_style_767=&#8221;padding-top:|padding-bottom:&#8221;][cl_media lightbox=&#8221;0&#8243; lazyload=&#8221;0&#8243; shadow=&#8221;1&#8243; custom_width_bool_media=&#8221;0&#8243; media_video_loop=&#8221;0&#8243; autoplay=&#8221;1&#8243; css_style=&#8221;margin-top:15px&#8221; image=&#8221;id:992|url:http%3A%2F%2Fwww.belzaproduction.com%2Fwp-content%2Fuploads%2F2019%2F06%2F28-Belzaproduction-%40arnaud-Texier-150&#215;150.jpg&#8221;][\/cl_column][cl_column width=&#8221;1\/2&#8243; vertical_align=&#8221;middle&#8221; css_style=&#8221;padding-top:20px|padding-bottom:20px&#8221; device_visibility=&#8221;`{`object Object`}`&#8221; css_style_991=&#8221;padding-top:|padding-bottom:&#8221; css_style_767=&#8221;padding-top:|padding-bottom:&#8221;][cl_text custom_typography=&#8221;0&#8243; custom_responsive_992_bool=&#8221;0&#8243; custom_responsive_768_bool=&#8221;0&#8243; css_style=&#8221;margin-top:20px&#8221;]J&#8217;ai cr\u00e9\u00e9 le collaboratif Belza Production en 2014, afin de proposer une large gamme de services en vid\u00e9o et photo.<\/p>\n<p>Je me suis progressivement sp\u00e9cialis\u00e9 dans la photo et vid\u00e9o corporate (communication interne et externe des entreprises), l&#8217;\u00e9v\u00e8nementiel, la publicit\u00e9, je travaille aussi pour des associations, des clients priv\u00e9s, tels que des collectionneurs d&#8217;art ou des auteurs. Vous trouverez parfois mon travail dans la presse.<\/p>\n<p>Je suis connu pour placer l&#8217;humain au centre de mon travail, et pour ma fa\u00e7on de travailler avec un studio directement install\u00e9 chez mes clients. Deux incontournables pour tenter d&#8217;obtenir ce que je recherche pour mes clients.<\/p>\n<p>J&#8217;ai grandi en France, mais j&#8217;ai v\u00e9cu dans d&#8217;autres pays d&#8217;Asie ou en Australie ou j&#8217;ai pu exercer mon m\u00e9tier, ce qui m&#8217;a permis de progresser gr\u00e2ce \u00e0 une vision diff\u00e9rente et plus large de l&#8217;approche de la photographie et de la vid\u00e9o.<\/p>\n<p>Je continue mes voyages en fonction des demandes de mes clients fid\u00e8les et peut-\u00eatre \u00e0 votre demande, si vous en avez l&#8217;envie !<\/p>\n<p>\u00c0 bient\u00f4t,<\/p>\n<p>.Arnaud T.[\/cl_text][\/cl_column][\/cl_row]<\/p>\n","protected":false},"excerpt":{"rendered":"<p>[cl_row css_style=&#8221;padding-top:8px|padding-bottom:48px&#8221; device_visibility=&#8221;`{`object Object`}`&#8221; css_style_991=&#8221;padding-top:|padding-bottom:&#8221; css_style_767=&#8221;padding-top:|padding-bottom:&#8221;][cl_column css_style=&#8221;padding-top:0px&#8221; device_visibility=&#8221;`{`object Object`}`&#8221; css_style_991=&#8221;padding-top:|padding-bottom:&#8221; css_style_767=&#8221;padding-top:|padding-bottom:&#8221;][\/cl_column][\/cl_row][cl_row columns_gap=&#8221;35&#8243; col_responsive=&#8221;full&#8221; css_style=&#8221;padding-top:0px|padding-bottom:0px&#8221; device_visibility=&#8221;`{`object Object`}`&#8221; css_style_991=&#8221;padding-top:|padding-bottom:&#8221; css_style_767=&#8221;padding-top:|padding-bottom:&#8221;][cl_column width=&#8221;1\/2&#8243; css_style=&#8221;padding-top:20px|padding-bottom:20px&#8221; device_visibility=&#8221;`{`object Object`}`&#8221; css_style_991=&#8221;padding-top:|padding-bottom:&#8221; css_style_767=&#8221;padding-top:|padding-bottom:&#8221;][cl_media lightbox=&#8221;0&#8243; lazyload=&#8221;0&#8243; shadow=&#8221;1&#8243; custom_width_bool_media=&#8221;0&#8243; media_video_loop=&#8221;0&#8243; autoplay=&#8221;1&#8243; css_style=&#8221;margin-top:15px&#8221; image=&#8221;id:992|url:http%3A%2F%2Fwww.belzaproduction.com%2Fwp-content%2Fuploads%2F2019%2F06%2F28-Belzaproduction-%40arnaud-Texier-150&#215;150.jpg&#8221;][\/cl_column][cl_column width=&#8221;1\/2&#8243; vertical_align=&#8221;middle&#8221; css_style=&#8221;padding-top:20px|padding-bottom:20px&#8221; device_visibility=&#8221;`{`object Object`}`&#8221; css_style_991=&#8221;padding-top:|padding-bottom:&#8221; css_style_767=&#8221;padding-top:|padding-bottom:&#8221;][cl_text custom_typography=&#8221;0&#8243; custom_responsive_992_bool=&#8221;0&#8243; custom_responsive_768_bool=&#8221;0&#8243; css_style=&#8221;margin-top:20px&#8221;]J&#8217;ai cr\u00e9\u00e9 le collaboratif Belza Production en 2014, afin de proposer une large gamme de services en vid\u00e9o et photo. Je me suis [&hellip;]<\/p>\n","protected":false},"author":1,"featured_media":0,"parent":0,"menu_order":0,"comment_status":"closed","ping_status":"closed","template":"","meta":{"footnotes":""},"class_list":["post-113","page","type-page","status-publish","hentry"],"_links":{"self":[{"href":"https:\/\/www.belzaproduction.com\/index.php\/wp-json\/wp\/v2\/pages\/113","targetHints":{"allow":["GET"]}}],"collection":[{"href":"https:\/\/www.belzaproduction.com\/index.php\/wp-json\/wp\/v2\/pages"}],"about":[{"href":"https:\/\/www.belzaproduction.com\/index.php\/wp-json\/wp\/v2\/types\/page"}],"author":[{"embeddable":true,"href":"https:\/\/www.belzaproduction.com\/index.php\/wp-json\/wp\/v2\/users\/1"}],"replies":[{"embeddable":true,"href":"https:\/\/www.belzaproduction.com\/index.php\/wp-json\/wp\/v2\/comments?post=113"}],"version-history":[{"count":22,"href":"https:\/\/www.belzaproduction.com\/index.php\/wp-json\/wp\/v2\/pages\/113\/revisions"}],"predecessor-version":[{"id":1421,"href":"https:\/\/www.belzaproduction.com\/index.php\/wp-json\/wp\/v2\/pages\/113\/revisions\/1421"}],"wp:attachment":[{"href":"https:\/\/www.belzaproduction.com\/index.php\/wp-json\/wp\/v2\/media?parent=113"}],"curies":[{"name":"wp","href":"https:\/\/api.w.org\/{rel}","templated":true}]}}